{"id":9709,"date":"2023-12-04T20:10:44","date_gmt":"2023-12-04T19:10:44","guid":{"rendered":"https:\/\/relaunch.jan-brand-solutions.at\/odtlacok\/"},"modified":"2023-12-04T20:11:07","modified_gmt":"2023-12-04T19:11:07","slug":"odtlacok","status":"publish","type":"page","link":"https:\/\/solitaire.iloweb.dev\/sk\/odtlacok\/","title":{"rendered":"Odtla\u010dok"},"content":{"rendered":"<p>[et_pb_section fb_built=&#8221;1&#8243; theme_builder_area=&#8221;post_content&#8221; _builder_version=&#8221;4.23.1&#8243; _module_preset=&#8221;default&#8221;][et_pb_row _builder_version=&#8221;4.23.1&#8243; _module_preset=&#8221;default&#8221; theme_builder_area=&#8221;post_content&#8221;][et_pb_column _builder_version=&#8221;4.23.1&#8243; _module_preset=&#8221;default&#8221; type=&#8221;4_4&#8243; theme_builder_area=&#8221;post_content&#8221;][et_pb_text _builder_version=&#8221;4.23.1&#8243; _module_preset=&#8221;default&#8221; theme_builder_area=&#8221;post_content&#8221; hover_enabled=&#8221;0&#8243; sticky_enabled=&#8221;0&#8243;]<\/p>\n<p>J.A.N. Promotion GmbH<br \/>Pr\u00e1vna forma: Obchodn\u00e1 spolo\u010dnos\u0165 s ru\u010den\u00edm obmedzen\u00fdm<\/p>\n<p>Dar\u010deky a propaga\u010dn\u00e9 predmety<br \/>V\u0161eobecn\u00fd obchod s tovarom v\u0161etk\u00e9ho druhu<\/p>\n<p>\u010c\u00edslo UID: ATU65940477<br \/>Registra\u010dn\u00e9 \u010d\u00edslo spolo\u010dnosti: FN351297p<br \/>Obchodn\u00fd register: Obchodn\u00fd s\u00fad Viede\u0148<\/p>\n<p>Banka: BKS Bank AG<br \/>IBAN: AT25 1700 0001 4000 7706<br \/>BIC: BFKKAT2K<\/p>\n<p>S\u00eddlo: 1070 Viede\u0148, Viede\u0148\/Rak\u00fasko-Eur\u00f3pa<br \/>Schottenfeldgasse 65\/9<br \/>Tel. +43 (0)1 \/ 416 55 96-0<br \/>Fax +43 (0)1 \/ 416 55 96-100<br \/>E-mail: office@jan-promotion.at<\/p>\n<p>Vedenie: John A. Neider<br \/>Adresa vedenia: Schottenfeldgasse 65\/9, 1070 Viede\u0148<\/p>\n<p>Vlastn\u00edk m\u00e9di\u00ed: John A. Neider<\/p>\n<p>Profesijn\u00e9 pr\u00e1vo: \u017divnostensk\u00e9 predpisy (dostupn\u00e9 na: <a href=\"www.ris.bka.gv.at)\" target=\"_blank\" rel=\"nofollow noopener\">www.ris.bka.gv.at<\/a>)<br \/>Pr\u00edslu\u0161n\u00fd dozorn\u00fd org\u00e1n: Okresn\u00fd \u00farad Viede\u0148<\/p>\n<p>\u010clenstvo v organiz\u00e1cii obchodnej komory: WKO<\/p>\n<div id=\"b427911401_3973\" class=\"editable-text paragraph indent-0 selected-block selected-block-wrapper\">Inform\u00e1cie o rie\u0161en\u00ed sporov online:<br \/>Spotrebitelia maj\u00fa mo\u017enos\u0165 pod\u00e1va\u0165 s\u0165a\u017enosti na platforme E\u00da pre rie\u0161enie sporov online: http: <a href=\"http:\/\/ec.europa.eu\/odr.\" target=\"_blank\" rel=\"nofollow noopener\">\/\/ec.europa.eu\/odr<\/a>.<br \/>S\u0165a\u017enosti m\u00f4\u017eete posiela\u0165 aj na vy\u0161\u0161ie uveden\u00fa e-mailov\u00fa adresu.<\/div>\n<p>[\/et_pb_text][\/et_pb_column][\/et_pb_row][\/et_pb_section]<\/p>\n","protected":false},"excerpt":{"rendered":"<p>J.A.N. Promotion GmbHPr\u00e1vna forma: Obchodn\u00e1 spolo\u010dnos\u0165 s ru\u010den\u00edm obmedzen\u00fdm Dar\u010deky a propaga\u010dn\u00e9 predmetyV\u0161eobecn\u00fd obchod s tovarom v\u0161etk\u00e9ho druhu \u010c\u00edslo UID: ATU65940477Registra\u010dn\u00e9 \u010d\u00edslo spolo\u010dnosti: FN351297pObchodn\u00fd register: Obchodn\u00fd s\u00fad Viede\u0148 Banka: BKS Bank AGIBAN: AT25 1700 0001 4000 7706BIC: BFKKAT2K S\u00eddlo: 1070 Viede\u0148, Viede\u0148\/Rak\u00fasko-Eur\u00f3paSchottenfeldgasse 65\/9Tel. +43 (0)1 \/ 416 55 96-0Fax +43 (0)1 \/ 416 55 96-100E-mail: [&hellip;]<\/p>\n","protected":false},"author":3,"featured_media":0,"parent":0,"menu_order":0,"comment_status":"closed","ping_status":"closed","template":"","meta":{"_acf_changed":false,"_et_pb_use_builder":"on","_et_pb_old_content":"","_et_gb_content_width":"","footnotes":""},"dipi_cpt_category":[],"class_list":["post-9709","page","type-page","status-publish","hentry"],"acf":[],"_links":{"self":[{"href":"https:\/\/solitaire.iloweb.dev\/sk\/wp-json\/wp\/v2\/pages\/9709","targetHints":{"allow":["GET"]}}],"collection":[{"href":"https:\/\/solitaire.iloweb.dev\/sk\/wp-json\/wp\/v2\/pages"}],"about":[{"href":"https:\/\/solitaire.iloweb.dev\/sk\/wp-json\/wp\/v2\/types\/page"}],"author":[{"embeddable":true,"href":"https:\/\/solitaire.iloweb.dev\/sk\/wp-json\/wp\/v2\/users\/3"}],"replies":[{"embeddable":true,"href":"https:\/\/solitaire.iloweb.dev\/sk\/wp-json\/wp\/v2\/comments?post=9709"}],"version-history":[{"count":4,"href":"https:\/\/solitaire.iloweb.dev\/sk\/wp-json\/wp\/v2\/pages\/9709\/revisions"}],"predecessor-version":[{"id":9720,"href":"https:\/\/solitaire.iloweb.dev\/sk\/wp-json\/wp\/v2\/pages\/9709\/revisions\/9720"}],"wp:attachment":[{"href":"https:\/\/solitaire.iloweb.dev\/sk\/wp-json\/wp\/v2\/media?parent=9709"}],"wp:term":[{"taxonomy":"dipi_cpt_category","embeddable":true,"href":"https:\/\/solitaire.iloweb.dev\/sk\/wp-json\/wp\/v2\/dipi_cpt_category?post=9709"}],"curies":[{"name":"wp","href":"https:\/\/api.w.org\/{rel}","templated":true}]}}