{"id":9740,"date":"2023-12-04T20:10:44","date_gmt":"2023-12-04T19:10:44","guid":{"rendered":"https:\/\/relaunch.jan-brand-solutions.at\/nadruk\/"},"modified":"2023-12-04T20:11:10","modified_gmt":"2023-12-04T19:11:10","slug":"nadruk","status":"publish","type":"page","link":"https:\/\/solitaire.iloweb.dev\/pl\/nadruk\/","title":{"rendered":"Nadruk"},"content":{"rendered":"<p>[et_pb_section fb_built=&#8221;1&#8243; theme_builder_area=&#8221;post_content&#8221; _builder_version=&#8221;4.23.1&#8243; _module_preset=&#8221;default&#8221;][et_pb_row _builder_version=&#8221;4.23.1&#8243; _module_preset=&#8221;default&#8221; theme_builder_area=&#8221;post_content&#8221;][et_pb_column _builder_version=&#8221;4.23.1&#8243; _module_preset=&#8221;default&#8221; type=&#8221;4_4&#8243; theme_builder_area=&#8221;post_content&#8221;][et_pb_text _builder_version=&#8221;4.23.1&#8243; _module_preset=&#8221;default&#8221; theme_builder_area=&#8221;post_content&#8221; hover_enabled=&#8221;0&#8243; sticky_enabled=&#8221;0&#8243;]<\/p>\n<p>J.A.N. Promotion GmbH<br \/>Forma prawna: Sp\u00f3\u0142ka handlowa z ograniczon\u0105 odpowiedzialno\u015bci\u0105<\/p>\n<p>Upominki i artyku\u0142y promocyjne<br \/>Og\u00f3lny handel towarami wszelkiego rodzaju<\/p>\n<p>Nr UID: ATU65940477<br \/>Nr w rejestrze sp\u00f3\u0142ek: FN351297p<br \/>Rejestr handlowy: S\u0105d Handlowy w Wiedniu<\/p>\n<p>Bank: BKS Bank AG<br \/>IBAN: AT25 1700 0001 4000 7706<br \/>BIC: BFKKAT2K<\/p>\n<p>Siedziba: 1070 Wiede\u0144, Wiede\u0144\/Austria-Europa<br \/>Schottenfeldgasse 65\/9<br \/>Tel. +43 (0)1 \/ 416 55 96-0<br \/>Faks +43 (0)1 \/ 416 55 96-100<br \/>E-mail: office@jan-promotion.at<\/p>\n<p>Zarz\u0105dzanie: John A. Neider<br \/>Adres zarz\u0105du: Schottenfeldgasse 65\/9, 1070 Wiede\u0144<\/p>\n<p>W\u0142a\u015bciciel medi\u00f3w: John A. Neider<\/p>\n<p>Prawo zawodowe: Przepisy handlowe (dost\u0119pne pod adresem: <a href=\"www.ris.bka.gv.at)\" target=\"_blank\" rel=\"nofollow noopener\">www.ris.bka.gv.at)<\/a><br \/>W\u0142a\u015bciwy organ nadzorczy: W\u0142adze okr\u0119gowe Wiede\u0144<\/p>\n<p>Cz\u0142onkostwo w organizacji zrzeszaj\u0105cej izby handlowe: WKO<\/p>\n<div id=\"b427911401_3973\" class=\"editable-text paragraph indent-0 selected-block selected-block-wrapper\">Informacje na temat rozwi\u0105zywania spor\u00f3w online:<br \/>Konsumenci maj\u0105 mo\u017cliwo\u015b\u0107 sk\u0142adania skarg na unijnej platformie internetowego rozstrzygania spor\u00f3w: <a href=\"http:\/\/ec.europa.eu\/odr.\" target=\"_blank\" rel=\"nofollow noopener\">http:\/\/ec.europa.eu\/odr<\/a>.<br \/>Wszelkie skargi mo\u017cna r\u00f3wnie\u017c przesy\u0142a\u0107 na adres e-mail podany powy\u017cej.<\/div>\n<p>[\/et_pb_text][\/et_pb_column][\/et_pb_row][\/et_pb_section]<\/p>\n","protected":false},"excerpt":{"rendered":"<p>J.A.N. Promotion GmbHForma prawna: Sp\u00f3\u0142ka handlowa z ograniczon\u0105 odpowiedzialno\u015bci\u0105 Upominki i artyku\u0142y promocyjneOg\u00f3lny handel towarami wszelkiego rodzaju Nr UID: ATU65940477Nr w rejestrze sp\u00f3\u0142ek: FN351297pRejestr handlowy: S\u0105d Handlowy w Wiedniu Bank: BKS Bank AGIBAN: AT25 1700 0001 4000 7706BIC: BFKKAT2K Siedziba: 1070 Wiede\u0144, Wiede\u0144\/Austria-EuropaSchottenfeldgasse 65\/9Tel. +43 (0)1 \/ 416 55 96-0Faks +43 (0)1 \/ 416 55 [&hellip;]<\/p>\n","protected":false},"author":3,"featured_media":0,"parent":0,"menu_order":0,"comment_status":"closed","ping_status":"closed","template":"","meta":{"_acf_changed":false,"_et_pb_use_builder":"on","_et_pb_old_content":"","_et_gb_content_width":"","footnotes":""},"dipi_cpt_category":[],"class_list":["post-9740","page","type-page","status-publish","hentry"],"acf":[],"_links":{"self":[{"href":"https:\/\/solitaire.iloweb.dev\/pl\/wp-json\/wp\/v2\/pages\/9740","targetHints":{"allow":["GET"]}}],"collection":[{"href":"https:\/\/solitaire.iloweb.dev\/pl\/wp-json\/wp\/v2\/pages"}],"about":[{"href":"https:\/\/solitaire.iloweb.dev\/pl\/wp-json\/wp\/v2\/types\/page"}],"author":[{"embeddable":true,"href":"https:\/\/solitaire.iloweb.dev\/pl\/wp-json\/wp\/v2\/users\/3"}],"replies":[{"embeddable":true,"href":"https:\/\/solitaire.iloweb.dev\/pl\/wp-json\/wp\/v2\/comments?post=9740"}],"version-history":[{"count":2,"href":"https:\/\/solitaire.iloweb.dev\/pl\/wp-json\/wp\/v2\/pages\/9740\/revisions"}],"predecessor-version":[{"id":9750,"href":"https:\/\/solitaire.iloweb.dev\/pl\/wp-json\/wp\/v2\/pages\/9740\/revisions\/9750"}],"wp:attachment":[{"href":"https:\/\/solitaire.iloweb.dev\/pl\/wp-json\/wp\/v2\/media?parent=9740"}],"wp:term":[{"taxonomy":"dipi_cpt_category","embeddable":true,"href":"https:\/\/solitaire.iloweb.dev\/pl\/wp-json\/wp\/v2\/dipi_cpt_category?post=9740"}],"curies":[{"name":"wp","href":"https:\/\/api.w.org\/{rel}","templated":true}]}}