{"id":9724,"date":"2023-12-04T20:10:44","date_gmt":"2023-12-04T19:10:44","guid":{"rendered":"https:\/\/relaunch.jan-brand-solutions.at\/impresszum\/"},"modified":"2023-12-04T20:11:10","modified_gmt":"2023-12-04T19:11:10","slug":"impresszum","status":"publish","type":"page","link":"https:\/\/solitaire.iloweb.dev\/hu\/impresszum\/","title":{"rendered":"Impresszum"},"content":{"rendered":"<p>[et_pb_section fb_built=&#8221;1&#8243; theme_builder_area=&#8221;post_content&#8221; _builder_version=&#8221;4.23.1&#8243; _module_preset=&#8221;default&#8221;][et_pb_row _builder_version=&#8221;4.23.1&#8243; _module_preset=&#8221;default&#8221; theme_builder_area=&#8221;post_content&#8221;][et_pb_column _builder_version=&#8221;4.23.1&#8243; _module_preset=&#8221;default&#8221; type=&#8221;4_4&#8243; theme_builder_area=&#8221;post_content&#8221;][et_pb_text _builder_version=&#8221;4.23.1&#8243; _module_preset=&#8221;default&#8221; theme_builder_area=&#8221;post_content&#8221; hover_enabled=&#8221;0&#8243; sticky_enabled=&#8221;0&#8243;]<\/p>\n<p>J.A.N. Promotion GmbH<br \/>Jogi forma: korl\u00e1tolt felel\u0151ss\u00e9g\u0171 kereskedelmi t\u00e1rsas\u00e1g<\/p>\n<p>Aj\u00e1nd\u00e9kok \u00e9s prom\u00f3ci\u00f3s term\u00e9kek<br \/>Mindenf\u00e9le \u00e1ru \u00e1ltal\u00e1nos kereskedelme<\/p>\n<p>UID-sz\u00e1m: ATU65940477<br \/>C\u00e9gjegyz\u00e9ksz\u00e1m: FN351297p<br \/>Kereskedelmi nyilv\u00e1ntart\u00e1s: B\u00e9csi Kereskedelmi B\u00edr\u00f3s\u00e1g<\/p>\n<p>Bank: BKS Bank AG<br \/>IBAN: AT25 1700 0001 4000 7706<br \/>BIC: BFKKAT2K<\/p>\n<p>Bejegyzett sz\u00e9khely: 1070 B\u00e9cs, B\u00e9cs\/Ausztria-Eur\u00f3pa<br \/>Schottenfeldgasse 65\/9<br \/>Tel. +43 (0)1 \/ 416 55 96-0<br \/>Fax +43 (0)1 \/ 416 55 96-100<br \/>E-mail: office@jan-promotion.at<\/p>\n<p>Ir\u00e1ny\u00edt\u00e1s: John A. Neider<br \/>Az igazgat\u00f3s\u00e1g c\u00edme: Schottenfeldgasse 65\/9, 1070 B\u00e9cs.<\/p>\n<p>M\u00e9diatulajdonos: John A. Neider<\/p>\n<p>Szakmai jog: Kereskedelmi szab\u00e1lyok (el\u00e9rhet\u0151: <a href=\"www.ris.bka.gv.at)\" target=\"_blank\" rel=\"nofollow noopener\">www.ris.bka.gv.at)<\/a><br \/>Illet\u00e9kes fel\u00fcgyeleti hat\u00f3s\u00e1g: Ker\u00fcleti hat\u00f3s\u00e1g: B\u00e9cs<\/p>\n<p>Tags\u00e1gok a kereskedelmi kamarai szervezetn\u00e9l: WKO<\/p>\n<div id=\"b427911401_3973\" class=\"editable-text paragraph indent-0 selected-block selected-block-wrapper\">Inform\u00e1ci\u00f3k az online vitarendez\u00e9sr\u0151l:<br \/>A fogyaszt\u00f3knak lehet\u0151s\u00e9g\u00fck van arra, hogy panaszaikat az EU online vitarendez\u00e9si platformj\u00e1n, <a href=\"http:\/\/ec.europa.eu\/odr.\" target=\"_blank\" rel=\"nofollow noopener\">a http:\/\/ec.europa.eu\/odr c\u00edmen<\/a> ny\u00fajts\u00e1k be.<br \/>B\u00e1rmilyen panasz\u00e1t a fent megadott e-mail c\u00edmre is elk\u00fcldheti.<\/div>\n<p>[\/et_pb_text][\/et_pb_column][\/et_pb_row][\/et_pb_section]<\/p>\n","protected":false},"excerpt":{"rendered":"<p>J.A.N. Promotion GmbHJogi forma: korl\u00e1tolt felel\u0151ss\u00e9g\u0171 kereskedelmi t\u00e1rsas\u00e1g Aj\u00e1nd\u00e9kok \u00e9s prom\u00f3ci\u00f3s term\u00e9kekMindenf\u00e9le \u00e1ru \u00e1ltal\u00e1nos kereskedelme UID-sz\u00e1m: ATU65940477C\u00e9gjegyz\u00e9ksz\u00e1m: FN351297pKereskedelmi nyilv\u00e1ntart\u00e1s: B\u00e9csi Kereskedelmi B\u00edr\u00f3s\u00e1g Bank: BKS Bank AGIBAN: AT25 1700 0001 4000 7706BIC: BFKKAT2K Bejegyzett sz\u00e9khely: 1070 B\u00e9cs, B\u00e9cs\/Ausztria-Eur\u00f3paSchottenfeldgasse 65\/9Tel. +43 (0)1 \/ 416 55 96-0Fax +43 (0)1 \/ 416 55 96-100E-mail: office@jan-promotion.at Ir\u00e1ny\u00edt\u00e1s: John A. NeiderAz [&hellip;]<\/p>\n","protected":false},"author":3,"featured_media":0,"parent":0,"menu_order":0,"comment_status":"closed","ping_status":"closed","template":"","meta":{"_acf_changed":false,"_et_pb_use_builder":"on","_et_pb_old_content":"","_et_gb_content_width":"","footnotes":""},"dipi_cpt_category":[],"class_list":["post-9724","page","type-page","status-publish","hentry"],"acf":[],"_links":{"self":[{"href":"https:\/\/solitaire.iloweb.dev\/hu\/wp-json\/wp\/v2\/pages\/9724","targetHints":{"allow":["GET"]}}],"collection":[{"href":"https:\/\/solitaire.iloweb.dev\/hu\/wp-json\/wp\/v2\/pages"}],"about":[{"href":"https:\/\/solitaire.iloweb.dev\/hu\/wp-json\/wp\/v2\/types\/page"}],"author":[{"embeddable":true,"href":"https:\/\/solitaire.iloweb.dev\/hu\/wp-json\/wp\/v2\/users\/3"}],"replies":[{"embeddable":true,"href":"https:\/\/solitaire.iloweb.dev\/hu\/wp-json\/wp\/v2\/comments?post=9724"}],"version-history":[{"count":6,"href":"https:\/\/solitaire.iloweb.dev\/hu\/wp-json\/wp\/v2\/pages\/9724\/revisions"}],"predecessor-version":[{"id":9748,"href":"https:\/\/solitaire.iloweb.dev\/hu\/wp-json\/wp\/v2\/pages\/9724\/revisions\/9748"}],"wp:attachment":[{"href":"https:\/\/solitaire.iloweb.dev\/hu\/wp-json\/wp\/v2\/media?parent=9724"}],"wp:term":[{"taxonomy":"dipi_cpt_category","embeddable":true,"href":"https:\/\/solitaire.iloweb.dev\/hu\/wp-json\/wp\/v2\/dipi_cpt_category?post=9724"}],"curies":[{"name":"wp","href":"https:\/\/api.w.org\/{rel}","templated":true}]}}