{"id":9715,"date":"2023-12-04T20:10:44","date_gmt":"2023-12-04T19:10:44","guid":{"rendered":"https:\/\/relaunch.jan-brand-solutions.at\/pie-de-imprenta\/"},"modified":"2023-12-04T20:11:07","modified_gmt":"2023-12-04T19:11:07","slug":"pie-de-imprenta","status":"publish","type":"page","link":"https:\/\/solitaire.iloweb.dev\/es\/pie-de-imprenta\/","title":{"rendered":"Pie de imprenta"},"content":{"rendered":"<p>[et_pb_section fb_built=&#8221;1&#8243; theme_builder_area=&#8221;post_content&#8221; _builder_version=&#8221;4.23.1&#8243; _module_preset=&#8221;default&#8221;][et_pb_row _builder_version=&#8221;4.23.1&#8243; _module_preset=&#8221;default&#8221; theme_builder_area=&#8221;post_content&#8221;][et_pb_column _builder_version=&#8221;4.23.1&#8243; _module_preset=&#8221;default&#8221; type=&#8221;4_4&#8243; theme_builder_area=&#8221;post_content&#8221;][et_pb_text _builder_version=&#8221;4.23.1&#8243; _module_preset=&#8221;default&#8221; theme_builder_area=&#8221;post_content&#8221; hover_enabled=&#8221;0&#8243; sticky_enabled=&#8221;0&#8243;]<\/p>\n<p>J.A.N. Promotion GmbH<br \/>Forma jur\u00eddica: Sociedad mercantil de responsabilidad limitada<\/p>\n<p>Regalos y art\u00edculos promocionales<br \/>Comercio general de mercanc\u00edas de todo tipo<\/p>\n<p>N\u00ba UID: ATU65940477<br \/>N\u00famero de registro mercantil: FN351297p<br \/>Registro mercantil: Tribunal de Comercio de Viena<\/p>\n<p>Banco: BKS Bank AG<br \/>IBAN: AT25 1700 0001 4000 7706<br \/>BIC: BFKKAT2K<\/p>\n<p>Domicilio social: 1070 Viena, Viena\/Austria-Europa<br \/>Schottenfeldgasse 65\/9<br \/>Tel. +43 (0)1 \/ 416 55 96-0<br \/>Fax +43 (0)1 \/ 416 55 96-100<br \/>Correo electr\u00f3nico: office@jan-promotion.at<\/p>\n<p>Direcci\u00f3n: John A. Neider<br \/>Direcci\u00f3n de la administraci\u00f3n: Schottenfeldgasse 65\/9, 1070 Viena<\/p>\n<p>Propietario de los medios: John A. Neider<\/p>\n<p>Derecho profesional: Normativa comercial (disponible en: <a href=\"www.ris.bka.gv.at)\" target=\"_blank\" rel=\"nofollow noopener\">www.ris.bka.gv.at)<\/a><br \/>Autoridad de control competente: Autoridad de distrito de Viena<\/p>\n<p>Afiliaci\u00f3n al organismo de la C\u00e1mara de Comercio: WKO<\/p>\n<div id=\"b427911401_3973\" class=\"editable-text paragraph indent-0 selected-block selected-block-wrapper\">Informaci\u00f3n sobre resoluci\u00f3n de litigios en l\u00ednea:<br \/>Los consumidores tienen la opci\u00f3n de presentar reclamaciones a la plataforma de resoluci\u00f3n de litigios en l\u00ednea de la UE: <a href=\"http:\/\/ec.europa.eu\/odr.\" target=\"_blank\" rel=\"nofollow noopener\">http:\/\/ec.europa.eu\/odr.<\/a><br \/>Tambi\u00e9n puede enviar sus quejas a la direcci\u00f3n de correo electr\u00f3nico arriba indicada.<\/div>\n<p>[\/et_pb_text][\/et_pb_column][\/et_pb_row][\/et_pb_section]<\/p>\n","protected":false},"excerpt":{"rendered":"<p>J.A.N. Promotion GmbHForma jur\u00eddica: Sociedad mercantil de responsabilidad limitada Regalos y art\u00edculos promocionalesComercio general de mercanc\u00edas de todo tipo N\u00ba UID: ATU65940477N\u00famero de registro mercantil: FN351297pRegistro mercantil: Tribunal de Comercio de Viena Banco: BKS Bank AGIBAN: AT25 1700 0001 4000 7706BIC: BFKKAT2K Domicilio social: 1070 Viena, Viena\/Austria-EuropaSchottenfeldgasse 65\/9Tel. +43 (0)1 \/ 416 55 96-0Fax +43 [&hellip;]<\/p>\n","protected":false},"author":3,"featured_media":0,"parent":0,"menu_order":0,"comment_status":"closed","ping_status":"closed","template":"","meta":{"_acf_changed":false,"_et_pb_use_builder":"on","_et_pb_old_content":"","_et_gb_content_width":"","footnotes":""},"dipi_cpt_category":[],"class_list":["post-9715","page","type-page","status-publish","hentry"],"acf":[],"_links":{"self":[{"href":"https:\/\/solitaire.iloweb.dev\/es\/wp-json\/wp\/v2\/pages\/9715","targetHints":{"allow":["GET"]}}],"collection":[{"href":"https:\/\/solitaire.iloweb.dev\/es\/wp-json\/wp\/v2\/pages"}],"about":[{"href":"https:\/\/solitaire.iloweb.dev\/es\/wp-json\/wp\/v2\/types\/page"}],"author":[{"embeddable":true,"href":"https:\/\/solitaire.iloweb.dev\/es\/wp-json\/wp\/v2\/users\/3"}],"replies":[{"embeddable":true,"href":"https:\/\/solitaire.iloweb.dev\/es\/wp-json\/wp\/v2\/comments?post=9715"}],"version-history":[{"count":2,"href":"https:\/\/solitaire.iloweb.dev\/es\/wp-json\/wp\/v2\/pages\/9715\/revisions"}],"predecessor-version":[{"id":9722,"href":"https:\/\/solitaire.iloweb.dev\/es\/wp-json\/wp\/v2\/pages\/9715\/revisions\/9722"}],"wp:attachment":[{"href":"https:\/\/solitaire.iloweb.dev\/es\/wp-json\/wp\/v2\/media?parent=9715"}],"wp:term":[{"taxonomy":"dipi_cpt_category","embeddable":true,"href":"https:\/\/solitaire.iloweb.dev\/es\/wp-json\/wp\/v2\/dipi_cpt_category?post=9715"}],"curies":[{"name":"wp","href":"https:\/\/api.w.org\/{rel}","templated":true}]}}