{"id":9708,"date":"2023-12-04T20:10:44","date_gmt":"2023-12-04T19:10:44","guid":{"rendered":"https:\/\/relaunch.jan-brand-solutions.at\/otisk\/"},"modified":"2023-12-04T20:11:10","modified_gmt":"2023-12-04T19:11:10","slug":"otisk","status":"publish","type":"page","link":"https:\/\/solitaire.iloweb.dev\/cs\/otisk\/","title":{"rendered":"Otisk"},"content":{"rendered":"<p>[et_pb_section fb_built=&#8221;1&#8243; theme_builder_area=&#8221;post_content&#8221; _builder_version=&#8221;4.23.1&#8243; _module_preset=&#8221;default&#8221;][et_pb_row _builder_version=&#8221;4.23.1&#8243; _module_preset=&#8221;default&#8221; theme_builder_area=&#8221;post_content&#8221;][et_pb_column _builder_version=&#8221;4.23.1&#8243; _module_preset=&#8221;default&#8221; type=&#8221;4_4&#8243; theme_builder_area=&#8221;post_content&#8221;][et_pb_text _builder_version=&#8221;4.23.1&#8243; _module_preset=&#8221;default&#8221; theme_builder_area=&#8221;post_content&#8221; hover_enabled=&#8221;0&#8243; sticky_enabled=&#8221;0&#8243;]<\/p>\n<p>J.A.N. Promotion GmbH<br \/>Pr\u00e1vn\u00ed forma: obchodn\u00ed spole\u010dnost s ru\u010den\u00edm omezen\u00fdm<\/p>\n<p>D\u00e1rky a propaga\u010dn\u00ed p\u0159edm\u011bty<br \/>V\u0161eobecn\u00fd obchod se zbo\u017e\u00edm v\u0161eho druhu<\/p>\n<p>\u010c\u00edslo UID: ATU65940477<br \/>Registra\u010dn\u00ed \u010d\u00edslo spole\u010dnosti: FN351297p<br \/>Obchodn\u00ed rejst\u0159\u00edk: Obchodn\u00ed soud ve V\u00eddni<\/p>\n<p>Banka: BKS Bank AG<br \/>IBAN: AT25 1700 0001 4000 7706<br \/>BIC: BFKKAT2K<\/p>\n<p>S\u00eddlo: 1070 V\u00edde\u0148, V\u00edde\u0148\/Rakousko-Evropa<br \/>Schottenfeldgasse 65\/9<br \/>Tel. +43 (0)1 \/ 416 55 96-0<br \/>Fax +43 (0)1 \/ 416 55 96-100<br \/>E-mail: office@jan-promotion.at<\/p>\n<p>\u0158\u00edzen\u00ed: John A. Neider<br \/>Adresa veden\u00ed: Schottenfeldgasse 65\/9, 1070 V\u00edde\u0148.<\/p>\n<p>Majitel m\u00e9di\u00ed: John A. Neider<\/p>\n<p>Profesn\u00ed pr\u00e1vo: \u017divnostensk\u00e9 p\u0159edpisy (dostupn\u00e9 na: <a href=\"www.ris.bka.gv.at)\" target=\"_blank\" rel=\"nofollow noopener\">www.ris.bka.gv.at<\/a>).<br \/>P\u0159\u00edslu\u0161n\u00fd dozorov\u00fd org\u00e1n: Okresn\u00ed \u00fa\u0159ad V\u00edde\u0148<\/p>\n<p>\u010clenstv\u00ed v organizaci Hospod\u00e1\u0159sk\u00e1 komora: WKO<\/p>\n<div id=\"b427911401_3973\" class=\"editable-text paragraph indent-0 selected-block selected-block-wrapper\">Informace o online \u0159e\u0161en\u00ed spor\u016f:<br \/>Spot\u0159ebitel\u00e9 maj\u00ed mo\u017enost podat st\u00ed\u017enost na platform\u011b EU pro \u0159e\u0161en\u00ed spor\u016f online: http: <a href=\"http:\/\/ec.europa.eu\/odr.\" target=\"_blank\" rel=\"nofollow noopener\">\/\/ec.europa.eu\/odr<\/a>.<br \/>St\u00ed\u017enosti m\u016f\u017eete zas\u00edlat tak\u00e9 na v\u00fd\u0161e uvedenou e-mailovou adresu.<\/div>\n<p>[\/et_pb_text][\/et_pb_column][\/et_pb_row][\/et_pb_section]<\/p>\n","protected":false},"excerpt":{"rendered":"<p>J.A.N. Promotion GmbHPr\u00e1vn\u00ed forma: obchodn\u00ed spole\u010dnost s ru\u010den\u00edm omezen\u00fdm D\u00e1rky a propaga\u010dn\u00ed p\u0159edm\u011btyV\u0161eobecn\u00fd obchod se zbo\u017e\u00edm v\u0161eho druhu \u010c\u00edslo UID: ATU65940477Registra\u010dn\u00ed \u010d\u00edslo spole\u010dnosti: FN351297pObchodn\u00ed rejst\u0159\u00edk: Obchodn\u00ed soud ve V\u00eddni Banka: BKS Bank AGIBAN: AT25 1700 0001 4000 7706BIC: BFKKAT2K S\u00eddlo: 1070 V\u00edde\u0148, V\u00edde\u0148\/Rakousko-EvropaSchottenfeldgasse 65\/9Tel. +43 (0)1 \/ 416 55 96-0Fax +43 (0)1 \/ 416 55 [&hellip;]<\/p>\n","protected":false},"author":3,"featured_media":0,"parent":0,"menu_order":0,"comment_status":"closed","ping_status":"closed","template":"","meta":{"_acf_changed":false,"_et_pb_use_builder":"on","_et_pb_old_content":"","_et_gb_content_width":"","footnotes":""},"dipi_cpt_category":[],"class_list":["post-9708","page","type-page","status-publish","hentry"],"acf":[],"_links":{"self":[{"href":"https:\/\/solitaire.iloweb.dev\/cs\/wp-json\/wp\/v2\/pages\/9708","targetHints":{"allow":["GET"]}}],"collection":[{"href":"https:\/\/solitaire.iloweb.dev\/cs\/wp-json\/wp\/v2\/pages"}],"about":[{"href":"https:\/\/solitaire.iloweb.dev\/cs\/wp-json\/wp\/v2\/types\/page"}],"author":[{"embeddable":true,"href":"https:\/\/solitaire.iloweb.dev\/cs\/wp-json\/wp\/v2\/users\/3"}],"replies":[{"embeddable":true,"href":"https:\/\/solitaire.iloweb.dev\/cs\/wp-json\/wp\/v2\/comments?post=9708"}],"version-history":[{"count":10,"href":"https:\/\/solitaire.iloweb.dev\/cs\/wp-json\/wp\/v2\/pages\/9708\/revisions"}],"predecessor-version":[{"id":9746,"href":"https:\/\/solitaire.iloweb.dev\/cs\/wp-json\/wp\/v2\/pages\/9708\/revisions\/9746"}],"wp:attachment":[{"href":"https:\/\/solitaire.iloweb.dev\/cs\/wp-json\/wp\/v2\/media?parent=9708"}],"wp:term":[{"taxonomy":"dipi_cpt_category","embeddable":true,"href":"https:\/\/solitaire.iloweb.dev\/cs\/wp-json\/wp\/v2\/dipi_cpt_category?post=9708"}],"curies":[{"name":"wp","href":"https:\/\/api.w.org\/{rel}","templated":true}]}}